{"id":1253,"date":"2024-11-11T11:44:30","date_gmt":"2024-11-11T10:44:30","guid":{"rendered":"https:\/\/www.forum-sk.at\/seltene_krankheiten\/?page_id=1253"},"modified":"2025-12-09T09:51:53","modified_gmt":"2025-12-09T08:51:53","slug":"news","status":"publish","type":"page","link":"https:\/\/www.forum-sk.at\/seltene_krankheiten\/service\/news\/","title":{"rendered":"News"},"content":{"rendered":"<p><a href=\"https:\/\/www.forum-sk.at\/seltene_krankheiten\/erster-ern-monitoringbericht-verfuegbar\/\">Erster ERN-Monitoringbericht verf\u00fcgbar<\/a><\/p>\n<p><a href=\"https:\/\/www.forum-sk.at\/seltene_krankheiten\/forum-seltene-krankheiten-auf-bluesky-und-mastodon\/\">Forum Seltene Krankheiten auf Bluesky und Mastodon<\/a><\/p>\n<p><a href=\"https:\/\/www.forum-sk.at\/seltene_krankheiten\/verabschiedung-der-ersten-resolution-der-wha-zu-seltenen-krankheiten\/\">Verabschiedung der ersten Resolution der WHA zu seltenen Krankheiten<\/a><\/p>\n<p><a href=\"https:\/\/www.forum-sk.at\/seltene_krankheiten\/1-dach-kongress-fuer-seltene-erkrankungen-zusammenfassung\/\">1. DACH Kongress f\u00fcr Seltene Erkrankungen &#8211; Zusammenfassung<\/a><br \/>\n<a href=\"https:\/\/www.forum-sk.at\/seltene_krankheiten\/jardin\/\">Joint Action JARDIN<\/a><\/p>\n<p><a href=\"https:\/\/www.forum-sk.at\/seltene_krankheiten\/start-der-europaeische-forschungsallianz-fuer-seltene-krankheiten\/\" rel=\"noopener\">Start der Europ\u00e4ische Forschungsallianz f\u00fcr seltene Krankheiten<\/a><\/p>\n","protected":false},"excerpt":{"rendered":"<p>Erster ERN-Monitoringbericht verf\u00fcgbar Forum Seltene Krankheiten auf Bluesky und Mastodon Verabschiedung der ersten Resolution der WHA zu seltenen Krankheiten 1. DACH Kongress f\u00fcr Seltene Erkrankungen &#8211; Zusammenfassung Joint Action JARDIN Start der Europ\u00e4ische Forschungsallianz f\u00fcr seltene Krankheiten<\/p>\n","protected":false},"author":4,"featured_media":0,"parent":165,"menu_order":0,"comment_status":"closed","ping_status":"closed","template":"","meta":{"_et_pb_use_builder":"","_et_pb_old_content":"","_et_gb_content_width":"","footnotes":""},"_links":{"self":[{"href":"https:\/\/www.forum-sk.at\/seltene_krankheiten\/wp-json\/wp\/v2\/pages\/1253"}],"collection":[{"href":"https:\/\/www.forum-sk.at\/seltene_krankheiten\/wp-json\/wp\/v2\/pages"}],"about":[{"href":"https:\/\/www.forum-sk.at\/seltene_krankheiten\/wp-json\/wp\/v2\/types\/page"}],"author":[{"embeddable":true,"href":"https:\/\/www.forum-sk.at\/seltene_krankheiten\/wp-json\/wp\/v2\/users\/4"}],"replies":[{"embeddable":true,"href":"https:\/\/www.forum-sk.at\/seltene_krankheiten\/wp-json\/wp\/v2\/comments?post=1253"}],"version-history":[{"count":8,"href":"https:\/\/www.forum-sk.at\/seltene_krankheiten\/wp-json\/wp\/v2\/pages\/1253\/revisions"}],"predecessor-version":[{"id":1356,"href":"https:\/\/www.forum-sk.at\/seltene_krankheiten\/wp-json\/wp\/v2\/pages\/1253\/revisions\/1356"}],"up":[{"embeddable":true,"href":"https:\/\/www.forum-sk.at\/seltene_krankheiten\/wp-json\/wp\/v2\/pages\/165"}],"wp:attachment":[{"href":"https:\/\/www.forum-sk.at\/seltene_krankheiten\/wp-json\/wp\/v2\/media?parent=1253"}],"curies":[{"name":"wp","href":"https:\/\/api.w.org\/{rel}","templated":true}]}}