{"id":190,"date":"2016-09-22T16:30:26","date_gmt":"2016-09-22T16:30:26","guid":{"rendered":"http:\/\/wp.forum-sk.at\/?page_id=190"},"modified":"2026-03-19T12:03:44","modified_gmt":"2026-03-19T11:03:44","slug":"selbsthilfegruppen","status":"publish","type":"page","link":"https:\/\/www.forum-sk.at\/seltene_krankheiten\/selbsthilfegruppen\/","title":{"rendered":"Patient*innenorganisationen"},"content":{"rendered":"<h2>CACNA1A Foundation DACH<\/h2>\n<p>Website: <a href=\"https:\/\/www.cacna1a.org\/dach\">https:\/\/www.cacna1a.org\/dach<\/a><\/p>\n<p>&nbsp;<\/p>\n<h2>Pro Rare Austria<\/h2>\n<p>Allianz f\u00fcr Seltene Krankheiten<br \/>\nWebsite: <a href=\"http:\/\/www.prorare-austria.org\/\" target=\"_blank\" rel=\"noopener\">http:\/\/www.prorare-austria.org\/<\/a><\/p>\n<p>&nbsp;<\/p>\n<h2>Netzwerk AGS \u00d6sterreich<\/h2>\n<p>Das Netzwerk AGS \u00d6sterreich ist eine \u00f6sterreichweite Selbsthilfegruppe f\u00fcr Menschen mit adrenogenitalem Syndrom (AGS) mit Kontaktpersonen und Aktivit\u00e4ten in Regionalgruppen in den Bundesl\u00e4ndern Ober\u00f6sterreich, Salzburg, Nieder\u00f6sterreich, Wien, Burgenland.<br \/>\nWebsite: <a href=\"http:\/\/www.ags-oesterreich.at\/\" target=\"_blank\" rel=\"noopener\">http:\/\/www.ags-oesterreich.at\/<\/a><\/p>\n<p>&nbsp;<\/p>\n<h2>Forum f\u00fcr PatientInnen mit Lungenfibrosen in \u00d6sterreich<\/h2>\n<p>Website: <a href=\"http:\/\/www.lungenfibroseforum.at\/\" target=\"_blank\" rel=\"noopener\">http:\/\/www.lungenfibroseforum.at\/<\/a><\/p>\n<p>&nbsp;<\/p>\n<h2>Informationen zu Genodermatosen<\/h2>\n<p>Website: <a href=\"http:\/\/www.genodermatosen.at\/\" target=\"_blank\" rel=\"noopener\">http:\/\/www.genodermatosen.at\/<\/a><\/p>\n<p>&nbsp;<\/p>\n<h2>\u00d6sterreichische Selbsthilfegruppe f\u00fcr Urtikaria<\/h2>\n<p>Website: <a href=\"http:\/\/chronischkrank.at\/verein\/unsere-selbsthilfegruppen\/urtikaria-oesterreich\/\" target=\"_blank\" rel=\"noopener\">http:\/\/chronischkrank.at\/<\/a><\/p>\n<p>&nbsp;<\/p>\n<h2>Pankreatitis Austria<\/h2>\n<p>Pankreatitis Austria ist die erste Patient*innen-Initiative f\u00fcr Betroffene einer akuten oder\/und chronischen Pankreatitis. In Kooperation mit unseren Beir\u00e4t*innen streben wir eine ad\u00e4quate interdisziplin\u00e4re medizinische und psychosoziale Versorgung Betroffener an, pl\u00e4dieren f\u00fcr Forschung und informieren Betroffene und Gesellschaft. Erwachsene, Jugendliche und Bezugspersonen von Kindern und selbstverst\u00e4ndlich auch betroffene Kinder und Angeh\u00f6rige sind herzlich willkommen.<br \/>\nWebsite: <a href=\"https:\/\/www.selbsthilfenoe.at\/gruppen\/pankreatitis-austria\/\">https:\/\/www.selbsthilfenoe.at\/gruppen\/pankreatitis-austria\/<\/a><\/p>\n<p>&nbsp;<\/p>\n<h2>Patientenorganisation FHchol Austria<\/h2>\n<p>Famili\u00e4re Hypercholesterin\u00e4mie oder verwandte genetisch bedingte Stoffwechselst\u00f6rung<br \/>\nWebsite <a href=\"http:\/\/www.fhchol.at\/\" target=\"_blank\" rel=\"noopener\">http:\/\/www.fhchol.at\/<\/a><\/p>\n<p>&nbsp;<\/p>\n<h2>Sarkoidose Selbsthilfegruppe Tirol<\/h2>\n<p>Website: <a href=\"https:\/\/selbsthilfe-tirol.at\/selbsthilfegruppen\/\" target=\"_blank\" rel=\"noopener\">https:\/\/selbsthilfe-tirol.at\/selbsthilfegruppen\/<\/a><\/p>\n<p>&nbsp;<\/p>\n<h2>Selbsthilfegruppe Smith-Magenis-Syndrom \u00d6sterreich<\/h2>\n<p>Selbsthilfe, Information und Rat im Umgang mit dem Smith-Magenis-Syndrom<br \/>\nWebsite: <a href=\"http:\/\/www.smith-magenis.at\/\" target=\"_blank\" rel=\"noopener\">http:\/\/www.smith-magenis.at\/<\/a><\/p>\n<p>&nbsp;<\/p>\n<h2>Selbsthilfegruppe Cornelia de Lange Syndrom<\/h2>\n<p>Website: <a href=\"http:\/\/www.cdls.at\/\" target=\"_blank\" rel=\"noopener\">http:\/\/www.cdls.at\/<\/a><\/p>\n<p>&nbsp;<\/p>\n<h2>Selbsthilfeverzeichnis des Tiroler Dachverbandes<\/h2>\n<p>Website: <a href=\"https:\/\/www.selbsthilfe-tirol.at\/\" target=\"_blank\" rel=\"noopener\">https:\/\/www.selbsthilfe-tirol.at\/<\/a><\/p>\n<p>&nbsp;<\/p>\n","protected":false},"excerpt":{"rendered":"<p>CACNA1A Foundation DACH Website: https:\/\/www.cacna1a.org\/dach &nbsp; Pro Rare Austria Allianz f\u00fcr Seltene Krankheiten Website: http:\/\/www.prorare-austria.org\/ &nbsp; Netzwerk AGS \u00d6sterreich Das Netzwerk AGS \u00d6sterreich ist eine \u00f6sterreichweite Selbsthilfegruppe f\u00fcr Menschen mit adrenogenitalem Syndrom (AGS) mit Kontaktpersonen und Aktivit\u00e4ten in Regionalgruppen in den Bundesl\u00e4ndern Ober\u00f6sterreich, Salzburg, Nieder\u00f6sterreich, Wien, Burgenland. Website: http:\/\/www.ags-oesterreich.at\/ &nbsp; Forum f\u00fcr PatientInnen mit Lungenfibrosen [&hellip;]<\/p>\n","protected":false},"author":1,"featured_media":0,"parent":0,"menu_order":0,"comment_status":"closed","ping_status":"closed","template":"","meta":{"_et_pb_use_builder":"","_et_pb_old_content":"","_et_gb_content_width":"","footnotes":""},"_links":{"self":[{"href":"https:\/\/www.forum-sk.at\/seltene_krankheiten\/wp-json\/wp\/v2\/pages\/190"}],"collection":[{"href":"https:\/\/www.forum-sk.at\/seltene_krankheiten\/wp-json\/wp\/v2\/pages"}],"about":[{"href":"https:\/\/www.forum-sk.at\/seltene_krankheiten\/wp-json\/wp\/v2\/types\/page"}],"author":[{"embeddable":true,"href":"https:\/\/www.forum-sk.at\/seltene_krankheiten\/wp-json\/wp\/v2\/users\/1"}],"replies":[{"embeddable":true,"href":"https:\/\/www.forum-sk.at\/seltene_krankheiten\/wp-json\/wp\/v2\/comments?post=190"}],"version-history":[{"count":45,"href":"https:\/\/www.forum-sk.at\/seltene_krankheiten\/wp-json\/wp\/v2\/pages\/190\/revisions"}],"predecessor-version":[{"id":1413,"href":"https:\/\/www.forum-sk.at\/seltene_krankheiten\/wp-json\/wp\/v2\/pages\/190\/revisions\/1413"}],"wp:attachment":[{"href":"https:\/\/www.forum-sk.at\/seltene_krankheiten\/wp-json\/wp\/v2\/media?parent=190"}],"curies":[{"name":"wp","href":"https:\/\/api.w.org\/{rel}","templated":true}]}}