{"id":5,"date":"2016-09-13T14:18:42","date_gmt":"2016-09-13T14:18:42","guid":{"rendered":"http:\/\/wp.forum-sk.at\/?page_id=5"},"modified":"2026-03-30T11:29:09","modified_gmt":"2026-03-30T09:29:09","slug":"informationen","status":"publish","type":"page","link":"https:\/\/www.forum-sk.at\/seltene_krankheiten\/informationen\/","title":{"rendered":"Fragen und Antworten"},"content":{"rendered":"<p><img loading=\"lazy\" decoding=\"async\" class=\"alignnone size-full wp-image-46\" src=\"\/seltene_krankheiten\/wp-content\/uploads\/2016\/09\/forum_sk_banner_1000.jpg\" alt=\"Forum Seltene Krankheiten\" width=\"1000\" height=\"163\" \/><\/p>\n<p>Wenn Sie andere Fragen haben, kontaktieren Sie uns bitte \u00fcber <a href=\"\/seltene_krankheiten\/kontakt\/\">Kontakt<\/a>.<br \/>\n<\/p>\n<div class=\"qafp-faqs qafp-home cf animation-fade collapsible focus\">\n\t\t\t<div id=\"qafp-faq0\" class=\"qafp-faq cf\">\n\t\t\t\t<div class=\"qafp-faq-title\" style=\"font-size:110%;font-weight:bold;margin-bottom:.5em\"><a class=\"qafp-faq-anchor\" href=\"https:\/\/www.forum-sk.at\/seltene_krankheiten\/informationen\/was-ist-eine-seltene-krankheit\/\">Was ist eine Seltene Krankheit?<\/a><\/div>\n\t\t\t\t<div class=\"qafp-faq-answer\"><p>Von Seltenen Krankheiten (Rare \u201eOrphan\u201c Diseases) spricht man, wenn nicht mehr als eine von 2.000 Personen betroffen ist. Sie sind schwerwiegend, betreffen oft mehrere Organsysteme, k\u00f6nnen dauerhafte Invalidit\u00e4t nach sich ziehen und gehen unbehandelt oft mit einer verringerten Lebenserwartung einher. Meist haben sie genetische Ursachen.<\/p>\n<p>Es gibt 6.000 \u2013 8.000 verschiedene Seltene Krankheiten. Etwa 6 \u2013 8 % der Bev\u00f6lkerung sind an einem seltenen Leiden erkrankt oder werden im Laufe ihres Lebens daran erkranken \u2013 das sind in \u00d6sterreich etwa 400.000 Personen.<\/p>\n<hr style=\"margin-left:-noneem;\" \/>\n\t\t\t\t<\/div><!-- .qafp-faq-answer --><\/div><!-- .qafp-faq -->\n\t\t\t\t<div id=\"qafp-faq1\" class=\"qafp-faq cf\">\n\t\t\t\t<div class=\"qafp-faq-title\" style=\"font-size:110%;font-weight:bold;margin-bottom:.5em\"><a class=\"qafp-faq-anchor\" href=\"https:\/\/www.forum-sk.at\/seltene_krankheiten\/informationen\/schwerer-kombinierter-immundefekt-scid-bei-felix\/\">Fallbeispiel: Schwerer kombinierter Immundefekt (SCID) \u2013 Bei Felix<\/a><\/div>\n\t\t\t\t<div class=\"qafp-faq-answer\"><p>Bereits kurz nach der Geburt fiel Felix durch eine sehr schwer verlaufende Lungenentz\u00fcndung auf. Durch genaue immunologische und molekulare Diagnostik am Expertenzentrum f\u00fcr Immundefekte konnte die Ursache der Erkrankung identifiziert werden \u2013 Felix litt an einer Mutation in einem Gen, das f\u00fcr die Entwicklung und Funktion von Lymphozyten (Immunzellen) von entscheidender Wichtigkeit ist. Aufgrund der Schwere der Erkrankung h\u00e4tten weitere Infektionen t\u00f6dlich enden k\u00f6nnen \u2013 daher wurde Felix umgehend in einem Isolierzimmer untergebracht und mittels einer Knochenmarkstransplantation durch einen Fremdspender behandelt. Zwischenzeitlich hat sich das Immunsystem des Spenders vollst\u00e4ndig aufgebaut, und Felix kann ein weitgehend normales Leben f\u00fchren \u00e4hnlich wie seine KlassenkameradInnen.<\/p>\n<p>&nbsp;<\/p>\n<p>&nbsp;<\/p>\n<hr style=\"margin-left:-noneem;\" \/>\n\t\t\t\t<\/div><!-- .qafp-faq-answer --><\/div><!-- .qafp-faq -->\n\t\t\t\t<div id=\"qafp-faq2\" class=\"qafp-faq cf\">\n\t\t\t\t<div class=\"qafp-faq-title\" style=\"font-size:110%;font-weight:bold;margin-bottom:.5em\"><a class=\"qafp-faq-anchor\" href=\"https:\/\/www.forum-sk.at\/seltene_krankheiten\/informationen\/propionazidaemie-bei-carina\/\">Fallbeispiel: Propionazid\u00e4mie \u2013 Bei Carina<\/a><\/div>\n\t\t\t\t<div class=\"qafp-faq-answer\"><p>Carina wurde als erstes Kind von gesunden Eltern geboren. Nach einigen Lebenstagen trank sie zunehmend schlechter, reagierte nicht mehr gut und wurde schlie\u00dflich komat\u00f6s. Spezialisierte toffwechselanalysen an der Universit\u00e4ts-Kinderklinik zeigten, dass Carina aufgrundeiner genetischen Ver\u00e4nderung bestimmte S\u00e4uren nicht richtig abbauen kann, und es wurde die Diagnose ropionazid\u00e4mie gestellt. Mit einer Spezialdi\u00e4t, die das ganze Leben eingehalten werden muss, k\u00f6nnen Vergiftungserscheinungen verringert oder vermieden werden. In akuten  Situationen ist immer  ieder eine intensive Behandlung in der Klinik n\u00f6tig.<\/p>\n<hr style=\"margin-left:-noneem;\" \/>\n\t\t\t\t<\/div><!-- .qafp-faq-answer --><\/div><!-- .qafp-faq -->\n\t\t\t\t<div id=\"qafp-faq3\" class=\"qafp-faq cf\">\n\t\t\t\t<div class=\"qafp-faq-title\" style=\"font-size:110%;font-weight:bold;margin-bottom:.5em\"><a class=\"qafp-faq-anchor\" href=\"https:\/\/www.forum-sk.at\/seltene_krankheiten\/informationen\/ichthyose-bei-walter\/\">Fallbeispiel: Ichthyose \u2013 Bei Walter<\/a><\/div>\n\t\t\t\t<div class=\"qafp-faq-answer\"><p>Der Alltag von Walter ist dadurch gepr\u00e4gt, dass er st\u00e4ndig seine Haut behandeln muss. Bei Geburt war eine R\u00f6tung und feine Zeichnung am ganzen K\u00f6rper aufgefallen, die sich zu einer dauernden starken Schuppung entwickelte. Nur die Haut ist befallen, die inneren Organe sind unauff\u00e4llig, jedoch kann Walter z. B. immer wieder schlecht h\u00f6ren, weil sich die Geh\u00f6rg\u00e4nge verlegen. Die Therapie besteht aus mechanischen Ma\u00dfnahmen z. B. B\u00e4der und Salben zur Entfernung der Schuppen. Wenn die Symptome besonders ausgepr\u00e4gt sind, k\u00f6nnen auch Tabletten notwendig werden.<\/p>\n<hr style=\"margin-left:-noneem;\" \/>\n\t\t\t\t<\/div><!-- .qafp-faq-answer --><\/div><!-- .qafp-faq -->\n\t\t\t\t<div id=\"qafp-faq4\" class=\"qafp-faq cf\">\n\t\t\t\t<div class=\"qafp-faq-title\" style=\"font-size:110%;font-weight:bold;margin-bottom:.5em\"><a class=\"qafp-faq-anchor\" href=\"https:\/\/www.forum-sk.at\/seltene_krankheiten\/informationen\/an-wen-kann-ich-mich-bei-verdacht-auf-eine-seltene-krankheit-wenden\/\">An wen kann ich mich bei Verdacht auf eine Seltene Krankheit wenden?<\/a><\/div>\n\t\t\t\t<div class=\"qafp-faq-answer\"><p>Erste Anlaufstellen sind \u00c4rztInnen f\u00fcr Allgemeinmedizin und Fach\u00e4rztInnen, welche den Kontakt zu spezialisierten Zentren herstellen.<br \/>\nDar\u00fcber hinaus kann auch gerne das Forum Seltene Krankheiten helfen.<\/p>\n<hr style=\"margin-left:-noneem;\" \/>\n\t\t\t\t<\/div><!-- .qafp-faq-answer --><\/div><!-- .qafp-faq -->\n\t\t\t\t<div id=\"qafp-faq5\" class=\"qafp-faq cf\">\n\t\t\t\t<div class=\"qafp-faq-title\" style=\"font-size:110%;font-weight:bold;margin-bottom:.5em\"><a class=\"qafp-faq-anchor\" href=\"https:\/\/www.forum-sk.at\/seltene_krankheiten\/informationen\/wissen-wir-genug-ueber-seltene-krankheiten\/\">Wissen wir genug \u00fcber Seltene Krankheiten?<\/a><\/div>\n\t\t\t\t<div class=\"qafp-faq-answer\"><p><strong>Leider nein<\/strong> \u2013 aufgrund der Seltenheit und des geringen \u00f6ffentlichen Bewusstseins fehlt es an Diagnose- und Behandlungsstandards, und auch die Industrie hat wegen geringer Absatzchancen oft nur geringes Interesse.<\/p>\n<p>Besondere Anstrengungen sind n\u00f6tig, damit \u00c4rztInnen und ForscherInnen weltweit mehr \u00fcber Ursache, Verlauf und Therapie Seltener Krankheiten herausfinden k\u00f6nnen.<\/p>\n<hr style=\"margin-left:-noneem;\" \/>\n\t\t\t\t<\/div><!-- .qafp-faq-answer --><\/div><!-- .qafp-faq -->\n\t\t\t\t<div id=\"qafp-faq6\" class=\"qafp-faq cf\">\n\t\t\t\t<div class=\"qafp-faq-title\" style=\"font-size:110%;font-weight:bold;margin-bottom:.5em\"><a class=\"qafp-faq-anchor\" href=\"https:\/\/www.forum-sk.at\/seltene_krankheiten\/informationen\/warum-ist-es-wichtig-eine-seltene-krankheit-zu-erkennen\/\">Warum ist es wichtig, eine Seltene Krankheit zu erkennen?<\/a><\/div>\n\t\t\t\t<div class=\"qafp-faq-answer\"><ul>\n<li>Damit die Betroffenen nach langen diagnostischen Odysseen verstehen, was ihr Problem ist.<\/li>\n<li>Damit ihnen ggf. eine effektive Therapie angeboten werden kann.<\/li>\n<li>Um klare Informationen \u00fcber den zu erwartenden Verlauf (Prognose) geben zu k\u00f6nnen.<\/li>\n<li>Um Erkrankungsrisiken in der Familie besser beurteilen zu k\u00f6nnen.<\/li>\n<li>Um anderen Betroffenen in der Verwandtschaft Unterst\u00fctzung anbieten zu k\u00f6nnen.<\/li>\n<\/ul>\n<hr style=\"margin-left:-noneem;\" \/>\n\t\t\t\t<\/div><!-- .qafp-faq-answer --><\/div><!-- .qafp-faq -->\n\t\t\t\t<div id=\"qafp-faq7\" class=\"qafp-faq cf\">\n\t\t\t\t<div class=\"qafp-faq-title\" style=\"font-size:110%;font-weight:bold;margin-bottom:.5em\"><a class=\"qafp-faq-anchor\" href=\"https:\/\/www.forum-sk.at\/seltene_krankheiten\/informationen\/kann-man-seltene-krankheiten-behandeln\/\">Kann man Seltene Krankheiten behandeln?<\/a><\/div>\n\t\t\t\t<div class=\"qafp-faq-answer\"><p>Etwa die H\u00e4lfte dieser Krankheiten k\u00f6nnen urs\u00e4chlich (mit Di\u00e4t, Spezialmedikamenten, u.a.) behandelt werden. Voraussetzung ist die genaue Kenntnis der Diagnose (= der konkret vorliegenden Krankheit). H\u00e4ufig sind die Behandlungen aufw\u00e4ndig und bestimmen den Alltag.<\/p>\n<hr style=\"margin-left:-noneem;\" \/>\n\t\t\t\t<\/div><!-- .qafp-faq-answer --><\/div><!-- .qafp-faq -->\n\t\t\t\t<div id=\"qafp-faq8\" class=\"qafp-faq cf\">\n\t\t\t\t<div class=\"qafp-faq-title\" style=\"font-size:110%;font-weight:bold;margin-bottom:.5em\"><a class=\"qafp-faq-anchor\" href=\"https:\/\/www.forum-sk.at\/seltene_krankheiten\/informationen\/wie-weist-man-eine-seltene-krankheit-nach\/\">Wie weist man eine Seltene Krankheit nach?<\/a><\/div>\n\t\t\t\t<div class=\"qafp-faq-answer\"><p>H\u00e4ufig sind spezialisierte, aufw\u00e4ndige und teure Testverfahren notwendig, die nur an wenigen Orten zur Verf\u00fcgung stehen. Die Entscheidung dar\u00fcber, welcher Test zu einer Diagnose f\u00fchren kann, erfolgt durch Experten f\u00fcr Seltene Krankheiten, meistens an Zentren.<\/p>\n<hr style=\"margin-left:-noneem;\" \/>\n\t\t\t\t<\/div><!-- .qafp-faq-answer --><\/div><!-- .qafp-faq -->\n\t\t\t\t<div id=\"qafp-faq9\" class=\"qafp-faq cf\">\n\t\t\t\t<div class=\"qafp-faq-title\" style=\"font-size:110%;font-weight:bold;margin-bottom:.5em\"><a class=\"qafp-faq-anchor\" href=\"https:\/\/www.forum-sk.at\/seltene_krankheiten\/informationen\/wann-muss-man-an-eine-seltene-krankheit-denken\/\">Wann muss man an eine Seltene Krankheit denken?<\/a><\/div>\n\t\t\t\t<div class=\"qafp-faq-answer\"><ul>\n<li>bei Vorliegen von chronischen, ungew\u00f6hnlichen Symptomen bzw. Symptomkombinationen<\/li>\n<li>bei unklarer Ursache Verwandte m\u00f6glicherweise ebenfalls betroffen<\/li>\n<\/ul>\n<hr style=\"margin-left:-noneem;\" \/>\n\t\t\t\t<\/div><!-- .qafp-faq-answer --><\/div><!-- .qafp-faq -->\n\t\t\t\t<\/div><!-- .qafp-faqs -->\n\t\t\t\n","protected":false},"excerpt":{"rendered":"<p>Wenn Sie andere Fragen haben, kontaktieren Sie uns bitte \u00fcber Kontakt.<\/p>\n","protected":false},"author":1,"featured_media":0,"parent":0,"menu_order":0,"comment_status":"closed","ping_status":"closed","template":"","meta":{"_et_pb_use_builder":"","_et_pb_old_content":"","_et_gb_content_width":"","footnotes":""},"_links":{"self":[{"href":"https:\/\/www.forum-sk.at\/seltene_krankheiten\/wp-json\/wp\/v2\/pages\/5"}],"collection":[{"href":"https:\/\/www.forum-sk.at\/seltene_krankheiten\/wp-json\/wp\/v2\/pages"}],"about":[{"href":"https:\/\/www.forum-sk.at\/seltene_krankheiten\/wp-json\/wp\/v2\/types\/page"}],"author":[{"embeddable":true,"href":"https:\/\/www.forum-sk.at\/seltene_krankheiten\/wp-json\/wp\/v2\/users\/1"}],"replies":[{"embeddable":true,"href":"https:\/\/www.forum-sk.at\/seltene_krankheiten\/wp-json\/wp\/v2\/comments?post=5"}],"version-history":[{"count":5,"href":"https:\/\/www.forum-sk.at\/seltene_krankheiten\/wp-json\/wp\/v2\/pages\/5\/revisions"}],"predecessor-version":[{"id":1417,"href":"https:\/\/www.forum-sk.at\/seltene_krankheiten\/wp-json\/wp\/v2\/pages\/5\/revisions\/1417"}],"wp:attachment":[{"href":"https:\/\/www.forum-sk.at\/seltene_krankheiten\/wp-json\/wp\/v2\/media?parent=5"}],"curies":[{"name":"wp","href":"https:\/\/api.w.org\/{rel}","templated":true}]}}