{"id":7,"date":"2016-09-13T14:19:00","date_gmt":"2016-09-13T14:19:00","guid":{"rendered":"http:\/\/wp.forum-sk.at\/?page_id=7"},"modified":"2026-03-30T11:25:48","modified_gmt":"2026-03-30T09:25:48","slug":"verein_forum_seltene_krankheiten","status":"publish","type":"page","link":"https:\/\/www.forum-sk.at\/seltene_krankheiten\/verein_forum_seltene_krankheiten\/","title":{"rendered":"Verein"},"content":{"rendered":"<p>Das &#8222;Forum Seltene Krankheiten&#8220; ist ein Zusammenschluss von \u00c4rztInnen sowie Mitgliedern anderer Berufsgruppen, die Patienten mit Seltenen Krankheiten betreuen bzw. sich f\u00fcr Belange von betroffenen Menschen einsetzen.<\/p>\n<p>&nbsp;<\/p>\n<h2>Gegr\u00fcndet 2011<\/h2>\n<p>Der Verein wurde von den Universit\u00e4tskliniken f\u00fcr Dermatologie bzw. Kinder- und Jugendheilkunde in Innsbruck und Salzburg sowie dem Zentrum Medizinische Genetik Innsbruck gegr\u00fcndet und hat inzwischen Mitglieder in allen \u00f6sterreichischen Universit\u00e4tskliniken.<\/p>\n<p>&nbsp;<\/p>\n<h2>Zusammenarbeit aller medizinischen Fachbereiche<\/h2>\n<p>Ziel ist der Aufbau von engen Kooperationsstrukturen zur L\u00f6sung medizinischer und anderer Probleme bez\u00fcglich Seltener Krankheiten. Es ist offen f\u00fcr alle medizinischen Fachgebiete.<\/p>\n<p>&nbsp;<\/p>\n<h2>F\u00f6rderungen, Vernetzung, Forschung<\/h2>\n<p>Gef\u00f6rdert werden soll u.a. der Aufbau von Zentren f\u00fcr Seltene Krankheiten zur St\u00e4rkung der \u00f6rtlichen Zusammenarbeit und die Intensivierung der \u00fcberregionalen medizinischen Vernetzung, die F\u00f6rderung eines breiteren Wissens und Verst\u00e4ndnisses in der \u00d6ffentlichkeit sowie die Unterst\u00fctzung von Forschung und Lehre in Bezug auf Seltene Krankheiten.<\/p>\n<p>&nbsp;<\/p>\n<h2>Gr\u00fcndungsmitglieder Innsbruck 2011<\/h2>\n<p><img loading=\"lazy\" decoding=\"async\" class=\"alignnone wp-image-173 size-full\" src=\"\/seltene_krankheiten\/wp-content\/uploads\/2016\/12\/innsbruck_korr.jpg\" alt=\"Prof. Matthias Schmuth, Prof. Daniela Karall, PD Dr. Sabine Scholl-B\u00fcrgi, Dr. Christine Fauth, Prof. Johannes Zschocke\" width=\"700\" height=\"253\" \/><br \/>\nProf. Matthias Schmuth, Prof. Daniela Karall, PD Dr. Sabine Scholl-B\u00fcrgi, Dr. Christine Fauth, Prof. Johannes Zschocke (v.l.n.r)<\/p>\n<p>&nbsp;<\/p>\n<h2>Gr\u00fcndungsmitglieder Salzburg 2011<\/h2>\n<p><img loading=\"lazy\" decoding=\"async\" class=\"alignnone wp-image-172 size-full\" src=\"\/seltene_krankheiten\/wp-content\/uploads\/2016\/09\/verein_grundung_salzburg_lang_3.jpg\" alt=\"Prof. Johann Bauer, Priv.-Doz. Esther Maier, Dr. Florian Lager, Prof. Wolfgang Sperl, Prof. Helmut Hintner\" width=\"700\" height=\"253\" \/><br \/>\nProf. Johann Bauer, Priv.-Doz. Esther Maier, Dr. Florian Lager, Prof. Wolfgang Sperl, Prof. Helmut Hintner (v.l.n.r)<\/p>\n","protected":false},"excerpt":{"rendered":"<p>Das &#8222;Forum Seltene Krankheiten&#8220; ist ein Zusammenschluss von \u00c4rztInnen sowie Mitgliedern anderer Berufsgruppen, die Patienten mit Seltenen Krankheiten betreuen bzw. sich f\u00fcr Belange von betroffenen Menschen einsetzen. &nbsp; Gegr\u00fcndet 2011 Der Verein wurde von den Universit\u00e4tskliniken f\u00fcr Dermatologie bzw. Kinder- und Jugendheilkunde in Innsbruck und Salzburg sowie dem Zentrum Medizinische Genetik Innsbruck gegr\u00fcndet und hat [&hellip;]<\/p>\n","protected":false},"author":1,"featured_media":0,"parent":0,"menu_order":0,"comment_status":"closed","ping_status":"closed","template":"","meta":{"_et_pb_use_builder":"","_et_pb_old_content":"","_et_gb_content_width":"","footnotes":""},"_links":{"self":[{"href":"https:\/\/www.forum-sk.at\/seltene_krankheiten\/wp-json\/wp\/v2\/pages\/7"}],"collection":[{"href":"https:\/\/www.forum-sk.at\/seltene_krankheiten\/wp-json\/wp\/v2\/pages"}],"about":[{"href":"https:\/\/www.forum-sk.at\/seltene_krankheiten\/wp-json\/wp\/v2\/types\/page"}],"author":[{"embeddable":true,"href":"https:\/\/www.forum-sk.at\/seltene_krankheiten\/wp-json\/wp\/v2\/users\/1"}],"replies":[{"embeddable":true,"href":"https:\/\/www.forum-sk.at\/seltene_krankheiten\/wp-json\/wp\/v2\/comments?post=7"}],"version-history":[{"count":18,"href":"https:\/\/www.forum-sk.at\/seltene_krankheiten\/wp-json\/wp\/v2\/pages\/7\/revisions"}],"predecessor-version":[{"id":1416,"href":"https:\/\/www.forum-sk.at\/seltene_krankheiten\/wp-json\/wp\/v2\/pages\/7\/revisions\/1416"}],"wp:attachment":[{"href":"https:\/\/www.forum-sk.at\/seltene_krankheiten\/wp-json\/wp\/v2\/media?parent=7"}],"curies":[{"name":"wp","href":"https:\/\/api.w.org\/{rel}","templated":true}]}}