{"id":745,"date":"2018-05-24T09:36:49","date_gmt":"2018-05-24T07:36:49","guid":{"rendered":"https:\/\/www.forum-sk.at\/seltene_krankheiten\/?page_id=745"},"modified":"2018-05-30T13:34:45","modified_gmt":"2018-05-30T11:34:45","slug":"datenschutz","status":"publish","type":"page","link":"https:\/\/www.forum-sk.at\/seltene_krankheiten\/datenschutz\/","title":{"rendered":"Datenschutz"},"content":{"rendered":"<h2>Allgemein<\/h2>\n<p>Die Nutzung unserer Webseite ist in der Regel ohne Angabe personenbezogener Daten m\u00f6glich. Soweit auf unseren Seiten personenbezogene Daten (beispielsweise Name, Anschrift oder eMail-Adressen) erhoben werden, erfolgt dies, soweit m\u00f6glich, stets auf freiwilliger Basis. Diese Daten werden ohne Ihre ausdr\u00fcckliche Zustimmung nicht an Dritte weitergegeben.<br \/>\nWir weisen darauf hin, dass die Daten\u00fcbertragung im Internet (z.B. bei der Kommunikation per E-Mail) Sicherheitsl\u00fccken aufweisen kann. Ein l\u00fcckenloser Schutz der Daten vor dem Zugriff durch Dritte ist nicht m\u00f6glich.<br \/>\nDer Nutzung von im Rahmen der Impressumspflicht ver\u00f6ffentlichten Kontaktdaten durch Dritte zur \u00dcbersendung von nicht ausdr\u00fccklich angeforderter Werbung und Informationsmaterialien wird hiermit ausdr\u00fccklich widersprochen. Die Betreiber der Seiten behalten sich ausdr\u00fccklich rechtliche Schritte im Falle der unverlangten Zusendung von Werbeinformationen, etwa durch Spam-Mails, vor.<\/p>\n<h2>Daten aus dem Anfrageformular<\/h2>\n<p>Anfragen an die Webseite des Forum seltene Krankheiten werden in eine E-Mail umgewandelt und an das Sekretariat des Forum seltene Krankheiten weitergeleitet. Von dort werden sie ggf. mittels E-Mail oder Ausdruck zur Besprechung an die relevanten \u00c4rztinnen und \u00c4rzte des Forum seltene Krankheiten bzw. an Vertreter eines zust\u00e4ndigen Zentrums f\u00fcr seltene Krankheiten weitergeleitet. Vom Forum seltene Krankheiten werden diese Daten nicht gespeichert.<\/p>\n<h2>Cookies<\/h2>\n<p>Unsere Website verwendet so genannte Cookies. Dabei handelt es sich um kleine Textdateien, die mit Hilfe des Browsers auf Ihrem Endger\u00e4t abgelegt werden. Sie richten keinen Schaden an.<br \/>\nWir nutzen Cookies dazu, unser Angebot nutzerfreundlich zu gestalten. Einige Cookies bleiben auf Ihrem Endger\u00e4t gespeichert, bis Sie diese l\u00f6schen. Sie erm\u00f6glichen es uns, Ihren Browser beim n\u00e4chsten Besuch wiederzuerkennen.<br \/>\nWenn Sie dies nicht w\u00fcnschen, so k\u00f6nnen Sie Ihren Browser so einstellen, dass er Sie \u00fcber das Setzen von Cookies informiert und Sie dies nur im Einzelfall erlauben k\u00f6nnen.<br \/>\nBei der Deaktivierung von Cookies kann die Funktionalit\u00e4t dieser Website eingeschr\u00e4nkt sein.<\/p>\n<h2>Google Analytics<\/h2>\n<p>Diese Website benutzt Google Analytics, einen Webanalysedienst der Google Inc. (\u201eGoogle\u201c). Die Benutzung erfolgt auf der Grundlage des Art. 6 Abs. 1 S. 1 lit. f. DSGVO. Google Analytics verwendet sog. \u201eCookies\u201c, Textdateien, die auf Ihrem Computer gespeichert werden und die eine Analyse der Benutzung der Webseite durch Sie erm\u00f6glichen. Die durch den Cookie erzeugten Informationen \u00fcber Ihre Benutzung der Webseite wie<br \/>\n\u2022\tBrowser-Typ\/-Version,<br \/>\n\u2022\tverwendetes Betriebssystem,<br \/>\n\u2022\tReferrer-URL (die zuvor besuchte Seite),<br \/>\n\u2022\tHostname des zugreifenden Rechners (IP-Adresse),<br \/>\n\u2022\tUhrzeit der Serveranfrage,<br \/>\nwerden in der Regel an einen Server von Google in den USA \u00fcbertragen und dort gespeichert. Die im Rahmen von Google Analytics von Ihrem Browser \u00fcbermittelte IP-Adresse wird nicht mit anderen Daten von Google zusammengef\u00fchrt. Wir haben zudem auf dieser Webseite Google Analytics um den Code \u201eanonymizeIP\u201c erweitert. Dies garantiert die Maskierung Ihrer IP-Adresse, sodass alle Daten anonym erhoben werden. Nur in Ausnahmef\u00e4llen wird die volle IP-Adresse an einen Server von Google in den USA \u00fcbertragen und dort gek\u00fcrzt.<br \/>\nIm Auftrag des Betreibers dieser Website wird Google diese Information benutzen, um Ihre Nutzung der Webseite auszuwerten, um Reports \u00fcber die Webseiten-Aktivit\u00e4ten zusammenzustellen und um weitere mit der Webseiten-Nutzung und der Internetnutzung verbundene Dienstleistungen gegen\u00fcber dem Webseitenbetreiber zu erbringen. Sie k\u00f6nnen die Speicherung der Cookies durch eine entsprechende Einstellung Ihrer Browser-Software verhindern; wir weisen Sie jedoch darauf hin, dass Sie in diesem Fall m\u00f6glicherweise nicht s\u00e4mtliche Funktionen dieser Webseite vollumf\u00e4nglich werden nutzen k\u00f6nnen.<br \/>\nSie k\u00f6nnen dar\u00fcber hinaus die Erfassung der durch das Cookie erzeugten und auf Ihre Nutzung der Webseite bezogenen Daten (inkl. Ihrer IP-Adresse) an Google sowie die Verarbeitung dieser Daten durch Google verhindern, indem sie das unter dem folgenden Link verf\u00fcgbare Browser-Plugin herunterladen und installieren: http:\/\/tools.google.com\/dlpage\/gaoptout?hl=de.<br \/>\nWir nutzen Google Analytics dazu, Daten aus Double-Click-Cookies und auch AdWords zu statistischen Zwecken auszuwerten. Sollten Sie dies nicht w\u00fcnschen, k\u00f6nnen Sie dies \u00fcber den Anzeigenvorgaben-Manager (http:\/\/www.google.com\/settings\/ads\/onweb\/?hl=de) deaktivieren.<br \/>\nWeitere Informationen zum Datenschutz im Zusammenhang mit Google Analytics finden Sie in der Google Analytics-Hilfe (https:\/\/support.google.com\/analytics\/answer\/6004245?hl=de).<br \/>\nWir haben mit dem Anbieter einen entsprechenden Vertrag zur Auftragsdatenverarbeitung abgeschlossen.<br \/>\nIhre IP-Adresse wird erfasst, aber umgehend [zB durch L\u00f6schung der letzten 8 Bit] pseudonymisiert. Dadurch ist nur mehr eine grobe Lokalisierung m\u00f6glich. Die Beziehung zum Webanalyseanbieter basiert auf Privacy Shield. Die Datenverarbeitung erfolgt auf Basis der gesetzlichen Bestimmungen des \u00a7 96 Abs 3 TKG sowie des Art 6 Abs 1 lit a (Einwilligung) und\/oder f (berechtigtes Interesse) der DSGVO. Unser Anliegen im Sinne der DSGVO (berechtigtes Interesse) ist die Verbesserung unseres Angebotes und unseres Webauftritts. Da uns die Privatsph\u00e4re unserer Nutzer wichtig ist, werden die Nutzerdaten pseudonymisiert Die Nutzerdaten werden f\u00fcr die Dauer von 50 Monaten aufbewahrt.<\/p>\n<h2>Ihre Rechte<\/h2>\n<p>Ihnen stehen grunds\u00e4tzlich die Rechte auf Auskunft, Berichtigung, L\u00f6schung, Einschr\u00e4nkung, Daten\u00fcbertragbarkeit, Widerruf und Widerspruch zu. Wenn Sie glauben, dass die Verarbeitung Ihrer Daten gegen das Datenschutzrecht verst\u00f6\u00dft oder Ihre datenschutzrechtlichen Anspr\u00fcche sonst in einer Weise verletzt worden sind, k\u00f6nnen Sie sich bei der Aufsichtsbeh\u00f6rde beschweren. In \u00d6sterreich ist dies die Datenschutzbeh\u00f6rde.<\/p>\n<h2>Kontakt<\/h2>\n<p>Sie erreichen den Inhaber dieser Website mit folgenden Kontaktdaten:<\/p>\n<p>Forum Seltene Krankheiten<br \/>\nc\/o Humangenetik Innsbruck<br \/>\nPeter Mayr Stra\u00dfe 1<br \/>\nA-6020 Innsbruck<br \/>\nTelefon: +43 (0)512\/9003-70532<br \/>\nEmail: info@forum-sk.at<\/p>\n","protected":false},"excerpt":{"rendered":"<p>Allgemein Die Nutzung unserer Webseite ist in der Regel ohne Angabe personenbezogener Daten m\u00f6glich. Soweit auf unseren Seiten personenbezogene Daten (beispielsweise Name, Anschrift oder eMail-Adressen) erhoben werden, erfolgt dies, soweit m\u00f6glich, stets auf freiwilliger Basis. Diese Daten werden ohne Ihre ausdr\u00fcckliche Zustimmung nicht an Dritte weitergegeben. Wir weisen darauf hin, dass die Daten\u00fcbertragung im Internet [&hellip;]<\/p>\n","protected":false},"author":1,"featured_media":0,"parent":0,"menu_order":0,"comment_status":"closed","ping_status":"closed","template":"","meta":{"_et_pb_use_builder":"","_et_pb_old_content":"","_et_gb_content_width":"","footnotes":""},"_links":{"self":[{"href":"https:\/\/www.forum-sk.at\/seltene_krankheiten\/wp-json\/wp\/v2\/pages\/745"}],"collection":[{"href":"https:\/\/www.forum-sk.at\/seltene_krankheiten\/wp-json\/wp\/v2\/pages"}],"about":[{"href":"https:\/\/www.forum-sk.at\/seltene_krankheiten\/wp-json\/wp\/v2\/types\/page"}],"author":[{"embeddable":true,"href":"https:\/\/www.forum-sk.at\/seltene_krankheiten\/wp-json\/wp\/v2\/users\/1"}],"replies":[{"embeddable":true,"href":"https:\/\/www.forum-sk.at\/seltene_krankheiten\/wp-json\/wp\/v2\/comments?post=745"}],"version-history":[{"count":5,"href":"https:\/\/www.forum-sk.at\/seltene_krankheiten\/wp-json\/wp\/v2\/pages\/745\/revisions"}],"predecessor-version":[{"id":760,"href":"https:\/\/www.forum-sk.at\/seltene_krankheiten\/wp-json\/wp\/v2\/pages\/745\/revisions\/760"}],"wp:attachment":[{"href":"https:\/\/www.forum-sk.at\/seltene_krankheiten\/wp-json\/wp\/v2\/media?parent=745"}],"curies":[{"name":"wp","href":"https:\/\/api.w.org\/{rel}","templated":true}]}}